{"id":5,"date":"2007-04-17T11:55:41","date_gmt":"2007-04-17T09:55:41","guid":{"rendered":"http:\/\/henry78.at\/about\/"},"modified":"2020-07-29T14:29:37","modified_gmt":"2020-07-29T12:29:37","slug":"about","status":"publish","type":"page","link":"https:\/\/henry78.at\/?page_id=5","title":{"rendered":"About &#038; Contact"},"content":{"rendered":"<p>This is the personal internet presence of Helmut Eberharter, Vienna. You may contact me using the mailer below, or the provided IM information.<\/p>\n<p>Dies ist der pers\u00f6nliche Internetauftritt von Helmut Eberharter, Wien. Sie k\u00f6nnen mich \u00fcber das untenstehende Kontakt-Formular erreichen, oder die IM Kontaktdaten verwenden.<\/p>\n<blockquote>\n<p>Matrix: @henry:matrix.henry78.at<br \/>Instant secure chat: <a href=\"https:\/\/keybase.io\/Henry78\/chat\">https:\/\/keybase.io\/Henry78\/chat<\/a><\/p>\n<\/blockquote>\n<p><!--intouch--><\/p>\n\n\n<p><\/p>\n","protected":false},"excerpt":{"rendered":"<p>This is the personal internet presence of Helmut Eberharter, Vienna. You may contact me using the mailer below, or the provided IM information. Dies ist der pers\u00f6nliche Internetauftritt von Helmut Eberharter, Wien. Sie k\u00f6nnen mich \u00fcber das untenstehende Kontakt-Formular erreichen, oder die IM Kontaktdaten verwenden. Matrix: @henry:matrix.henry78.atInstant secure chat: https:\/\/keybase.io\/Henry78\/chat<\/p>\n","protected":false},"author":1,"featured_media":0,"parent":0,"menu_order":0,"comment_status":"open","ping_status":"open","template":"","meta":[],"_links":{"self":[{"href":"https:\/\/henry78.at\/index.php?rest_route=\/wp\/v2\/pages\/5"}],"collection":[{"href":"https:\/\/henry78.at\/index.php?rest_route=\/wp\/v2\/pages"}],"about":[{"href":"https:\/\/henry78.at\/index.php?rest_route=\/wp\/v2\/types\/page"}],"author":[{"embeddable":true,"href":"https:\/\/henry78.at\/index.php?rest_route=\/wp\/v2\/users\/1"}],"replies":[{"embeddable":true,"href":"https:\/\/henry78.at\/index.php?rest_route=%2Fwp%2Fv2%2Fcomments&post=5"}],"version-history":[{"count":6,"href":"https:\/\/henry78.at\/index.php?rest_route=\/wp\/v2\/pages\/5\/revisions"}],"predecessor-version":[{"id":140,"href":"https:\/\/henry78.at\/index.php?rest_route=\/wp\/v2\/pages\/5\/revisions\/140"}],"wp:attachment":[{"href":"https:\/\/henry78.at\/index.php?rest_route=%2Fwp%2Fv2%2Fmedia&parent=5"}],"curies":[{"name":"wp","href":"https:\/\/api.w.org\/{rel}","templated":true}]}}